{"id":2372,"date":"2025-03-10T02:44:35","date_gmt":"2025-03-10T01:44:35","guid":{"rendered":"https:\/\/sbbtransport.com\/?post_type=product&#038;p=2372"},"modified":"2025-03-10T21:46:14","modified_gmt":"2025-03-10T20:46:14","slug":"coffee-group-tour","status":"publish","type":"product","link":"https:\/\/sbbtransport.com\/es\/producto\/coffee-group-tour\/","title":{"rendered":"TOUR DEL CAF\u00c9 EN GRUPO"},"content":{"rendered":"<div class=\"product-description\">\n<h2>\u2615 Tour del caf\u00e9 - Vive la aut\u00e9ntica experiencia del caf\u00e9 colombiano<\/h2>\n<p><strong>\u23f0 Hora de salida:<\/strong> 8:00 - 8:30 AM (Tiempo de espera para recogerle en el hotel: 5 minutos)<\/p>\n<hr \/>\n<h3>\u2705 Incluido:<\/h3>\n<h4>\ud83c\udf3f Actividades<\/h4>\n<ul>\n<li>\ud83d\udc55 <strong>Atuendo tradicional de las fincas cafeteras:<\/strong> V\u00edstete como un cafetero local.<\/li>\n<li>\u2615 <strong>Aut\u00e9ntica experiencia cafetera (4-5 horas):<\/strong> Sum\u00e9rjase en el proceso de elaboraci\u00f3n del caf\u00e9.<\/li>\n<li>\ud83c\udf04 <strong>Conozca el entorno del cultivo del caf\u00e9:<\/strong> Explore los alrededores y las t\u00e9cnicas de cultivo.<\/li>\n<li>\ud83c\udf31 <strong>Plantar, cosechar y asar:<\/strong> Participar en las etapas clave de la producci\u00f3n de caf\u00e9.<\/li>\n<li>\ud83d\udd0e <strong>Identificaci\u00f3n de variedades de caf\u00e9:<\/strong> Descubra los distintos tipos de granos de caf\u00e9 y sus caracter\u00edsticas.<\/li>\n<\/ul>\n<h4>\ud83c\udf7d\ufe0f Gastronom\u00eda (Incluida)<\/h4>\n<ul>\n<li>\ud83c\udf73 <strong>Desayuno tradicional antioque\u00f1o:<\/strong> Una deliciosa comida regional para empezar el d\u00eda.<\/li>\n<li>\ud83e\udd58 <strong>Almuerzo tradicional en el campo:<\/strong> Disfrute de un aut\u00e9ntico almuerzo colombiano al estilo campesino.<\/li>\n<\/ul>\n<h4>\ud83d\ude97 Otros servicios<\/h4>\n<ul>\n<li>\ud83d\udca7 Hidrataci\u00f3n durante todo el viaje.<\/li>\n<li>\ud83c\udf81 Souvenirs or keepsakes from the coffee experience.<\/li>\n<li>\ud83d\udee1\ufe0f Seguro de viaje para su tranquilidad.<\/li>\n<li>\ud83d\udde3\ufe0f Gu\u00eda tur\u00edstico experto biling\u00fce.<\/li>\n<li>\ud83d\ude99 Transporte en veh\u00edculos de lujo tipo furgoneta.<\/li>\n<li>\ud83c\udfe8 Recogida y traslado al hotel.<\/li>\n<\/ul>\n<hr \/>\n<h3>\ud83d\udccc Detalles importantes<\/h3>\n<p><strong>\u23f3 Duraci\u00f3n total:<\/strong> Aproximadamente <strong>4 to 5 hours.<\/strong><\/p>\n<p><strong>\u26a0\ufe0f Reserva por persona:<\/strong> Si hay 6 personas, debe a\u00f1adir este producto <strong>6 veces al carrito.<\/strong><\/p>\n<h2 style=\"text-align: center;\">\ud83d\udcf8 Galer\u00eda de im\u00e1genes<\/h2>\n<table align=\"center\">\n<tbody>\n<tr>\n<td align=\"center\"><img decoding=\"async\" src=\"https:\/\/sbbtransport.com\/wp-content\/uploads\/2025\/03\/Captura-de-pantalla-2025-03-10-153334.png\" alt=\"Screenshot 1\" width=\"400\" \/><\/td>\n<td align=\"center\"><img decoding=\"async\" src=\"https:\/\/sbbtransport.com\/wp-content\/uploads\/2025\/03\/Captura-de-pantalla-2025-03-10-153410.png\" alt=\"Screenshot 2\" width=\"400\" \/><\/td>\n<td align=\"center\"><img decoding=\"async\" src=\"https:\/\/sbbtransport.com\/wp-content\/uploads\/2024\/06\/tour-del-cafe.jpg\" alt=\"Coffee Tour\" width=\"400\" \/><\/td>\n<\/tr>\n<\/tbody>\n<\/table>\n<p>&nbsp;<\/p>\n<p>\u2728 <strong>\u00a1Reserva ahora y disfruta de la mejor experiencia cafetera con SBB Transporte VIP! \ud83d\ude80<\/strong> \u2728<\/p>\n<\/div>","protected":false},"excerpt":{"rendered":"<p data-start=\"0\" data-end=\"57\">\u2615 <strong data-start=\"2\" data-end=\"55\">\u00a1Viva la magia de la cultura cafetera colombiana!<\/strong><\/p>\n<p data-start=\"59\" data-end=\"325\">\u2714\ufe0f Transporte en veh\u00edculo VIP con recogida en el hotel.<br data-start=\"108\" data-end=\"111\" \/>\u2714\ufe0f Participar en el proceso del caf\u00e9: plantaci\u00f3n, cosecha, tueste y degustaci\u00f3n.<br data-start=\"193\" data-end=\"196\" \/>\u2714\ufe0f Desayuno y almuerzo tradicionales en el campo incluidos.<br data-start=\"252\" data-end=\"255\" \/>\u2714\ufe0f Gu\u00eda tur\u00edstico biling\u00fce y seguro de viaje para su tranquilidad.<\/p>\n<p data-start=\"327\" data-end=\"484\">\ud83d\udccc <strong data-start=\"330\" data-end=\"344\">IMPORTANTE:<\/strong> Si hay varias personas, debe a\u00f1adir al carrito una reserva por persona. (Ejemplo: Si hay 6 personas, a\u00f1ade el producto 6 veces).<\/p>\n<p data-start=\"486\" data-end=\"560\" data-is-last-node=\"\" data-is-only-node=\"\">\ud83c\udf9f\ufe0f <strong data-start=\"490\" data-end=\"560\" data-is-last-node=\"\">Reserve hoy mismo y sum\u00e9rjase en el mundo del caf\u00e9 con nosotros. <\/strong><\/p>","protected":false},"featured_media":2430,"comment_status":"open","ping_status":"closed","template":"","meta":{"_uag_custom_page_level_css":""},"product_brand":[],"product_cat":[41],"product_tag":[],"class_list":{"0":"post-2372","1":"product","2":"type-product","3":"status-publish","4":"has-post-thumbnail","6":"product_cat-group","8":"first","9":"onbackorder","10":"shipping-taxable","11":"purchasable","12":"product-type-variable"},"uagb_featured_image_src":{"full":["https:\/\/sbbtransport.com\/wp-content\/uploads\/2025\/03\/Captura-de-pantalla-2025-03-10-153334.png",456,610,false],"thumbnail":["https:\/\/sbbtransport.com\/wp-content\/uploads\/2025\/03\/Captura-de-pantalla-2025-03-10-153334-150x150.png",150,150,true],"medium":["https:\/\/sbbtransport.com\/wp-content\/uploads\/2025\/03\/Captura-de-pantalla-2025-03-10-153334-224x300.png",224,300,true],"medium_large":["https:\/\/sbbtransport.com\/wp-content\/uploads\/2025\/03\/Captura-de-pantalla-2025-03-10-153334.png",456,610,false],"large":["https:\/\/sbbtransport.com\/wp-content\/uploads\/2025\/03\/Captura-de-pantalla-2025-03-10-153334.png",456,610,false],"1536x1536":["https:\/\/sbbtransport.com\/wp-content\/uploads\/2025\/03\/Captura-de-pantalla-2025-03-10-153334.png",456,610,false],"2048x2048":["https:\/\/sbbtransport.com\/wp-content\/uploads\/2025\/03\/Captura-de-pantalla-2025-03-10-153334.png",456,610,false],"trp-custom-language-flag":["https:\/\/sbbtransport.com\/wp-content\/uploads\/2025\/03\/Captura-de-pantalla-2025-03-10-153334-9x12.png",9,12,true],"woocommerce_archive_thumbnail":["https:\/\/sbbtransport.com\/wp-content\/uploads\/2025\/03\/Captura-de-pantalla-2025-03-10-153334-456x500.png",456,500,true],"woocommerce_thumbnail":["https:\/\/sbbtransport.com\/wp-content\/uploads\/2025\/03\/Captura-de-pantalla-2025-03-10-153334-300x300.png",300,300,true],"woocommerce_single":["https:\/\/sbbtransport.com\/wp-content\/uploads\/2025\/03\/Captura-de-pantalla-2025-03-10-153334.png",456,610,false],"woocommerce_gallery_thumbnail":["https:\/\/sbbtransport.com\/wp-content\/uploads\/2025\/03\/Captura-de-pantalla-2025-03-10-153334-100x100.png",100,100,true]},"uagb_author_info":{"display_name":"Pabloskt","author_link":"https:\/\/sbbtransport.com\/es\/author\/"},"uagb_comment_info":0,"uagb_excerpt":"\u2615 Experience the magic of Colombian coffee culture! \u2714\ufe0f VIP vehicle transportation with hotel pick-up.\u2714\ufe0f Participate in the coffee process: planting, harvesting, roasting, and tasting.\u2714\ufe0f Traditional countryside breakfast and lunch included.\u2714\ufe0f Bilingual tour guide and travel insurance for your peace of mind. \ud83d\udccc IMPORTANT: If there are multiple people, you must add one booking per&hellip;","_links":{"self":[{"href":"https:\/\/sbbtransport.com\/es\/wp-json\/wp\/v2\/product\/2372","targetHints":{"allow":["GET"]}}],"collection":[{"href":"https:\/\/sbbtransport.com\/es\/wp-json\/wp\/v2\/product"}],"about":[{"href":"https:\/\/sbbtransport.com\/es\/wp-json\/wp\/v2\/types\/product"}],"replies":[{"embeddable":true,"href":"https:\/\/sbbtransport.com\/es\/wp-json\/wp\/v2\/comments?post=2372"}],"wp:featuredmedia":[{"embeddable":true,"href":"https:\/\/sbbtransport.com\/es\/wp-json\/wp\/v2\/media\/2430"}],"wp:attachment":[{"href":"https:\/\/sbbtransport.com\/es\/wp-json\/wp\/v2\/media?parent=2372"}],"wp:term":[{"taxonomy":"product_brand","embeddable":true,"href":"https:\/\/sbbtransport.com\/es\/wp-json\/wp\/v2\/product_brand?post=2372"},{"taxonomy":"product_cat","embeddable":true,"href":"https:\/\/sbbtransport.com\/es\/wp-json\/wp\/v2\/product_cat?post=2372"},{"taxonomy":"product_tag","embeddable":true,"href":"https:\/\/sbbtransport.com\/es\/wp-json\/wp\/v2\/product_tag?post=2372"}],"curies":[{"name":"wp","href":"https:\/\/api.w.org\/{rel}","templated":true}]}}