{"id":2370,"date":"2025-03-10T02:43:07","date_gmt":"2025-03-10T01:43:07","guid":{"rendered":"https:\/\/sbbtransport.com\/?post_type=product&#038;p=2370"},"modified":"2025-03-10T21:18:01","modified_gmt":"2025-03-10T20:18:01","slug":"santa-fe-de-antioquia-group-tour","status":"publish","type":"product","link":"https:\/\/sbbtransport.com\/es\/producto\/santa-fe-de-antioquia-group-tour\/","title":{"rendered":"TOUR GRUPAL A SANTA FE COLONIAL"},"content":{"rendered":"<div class=\"product-description\">\n<h2>\ud83c\udf04 Santa Fe Colonial Tour - Un viaje a trav\u00e9s de la historia y la cultura.<\/h2>\n<p><strong>\u23f0 Hora de salida:<\/strong> 8:00 - 8:30 AM (Tiempo de espera para recogerle en el hotel: 5 minutos)<\/p>\n<hr \/>\n<h3>\u2705 Incluido:<\/h3>\n<h4>\ud83d\udccd Paradas y actividades<\/h4>\n<ul>\n<li>\ud83c\udf09 <strong>Puente hist\u00f3rico de Occidente:<\/strong> Una maravilla arquitect\u00f3nica y parte esencial de la historia de Antioquia.<\/li>\n<li>\ud83c\udfdb\ufe0f <strong>Paseo cultural e hist\u00f3rico:<\/strong> Sum\u00e9rjase en el pasado colonial con narraciones guiadas por expertos.<\/li>\n<\/ul>\n<h4>\ud83c\udfdb\ufe0f Visitas<\/h4>\n<ul>\n<li>\u26ea <strong>Templos cat\u00f3licos:<\/strong> Explore iglesias de gran valor hist\u00f3rico y magn\u00edficamente conservadas.<\/li>\n<li>\ud83c\udfdb\ufe0f <strong>Plaza Mayor de la \u00abCiudad Madre\u00bb:<\/strong> El coraz\u00f3n de Santa Fe de Antioquia, rodeado de impresionantes edificios coloniales.<\/li>\n<li>\u2694\ufe0f <strong>Templo de Batalla:<\/strong> Descubra una iglesia que desempe\u00f1\u00f3 un papel clave durante la \u00e9poca colonial de Colombia.<\/li>\n<\/ul>\n<h4>\ud83c\udf7d\ufe0f Gastronom\u00eda (Incluida)<\/h4>\n<ul>\n<li>\ud83c\udf72 <strong>\u2714\ufe0f Almuerzo tipo buf\u00e9 incluido.<\/strong> Una deliciosa selecci\u00f3n de platos regionales en un restaurante de primera categor\u00eda.<\/li>\n<\/ul>\n<h4>\ud83d\ude97 Otros servicios<\/h4>\n<ul>\n<li>\ud83d\udca7 Hidrataci\u00f3n durante todo el viaje.<\/li>\n<li>\ud83c\udf81 Souvenirs o recuerdos de experiencias exclusivas.<\/li>\n<li>\ud83d\udee1\ufe0f Seguro de viaje para su tranquilidad.<\/li>\n<li>\ud83d\udde3\ufe0f Gu\u00eda tur\u00edstico experto biling\u00fce.<\/li>\n<li>\ud83d\ude99 Transporte en veh\u00edculos de lujo tipo furgoneta.<\/li>\n<li>\ud83c\udfe8 Recogida y devoluci\u00f3n en el hotel para la m\u00e1xima comodidad.<\/li>\n<\/ul>\n<hr \/>\n<h3>\ud83d\udccc Detalles importantes<\/h3>\n<p><strong>\u23f3 Duraci\u00f3n total:<\/strong> Aproximadamente <strong>De 4 a 5 horas.<\/strong><\/p>\n<p><strong>\u26a0\ufe0f Reserva por persona:<\/strong> Si hay 6 personas, debe a\u00f1adir este producto <strong>6 veces al carrito.<\/strong><\/p>\n<h2 style=\"text-align: center;\">\ud83d\udcf8 Galer\u00eda de im\u00e1genes<\/h2>\n<table align=\"center\">\n<tbody>\n<tr>\n<td align=\"center\"><img decoding=\"async\" src=\"https:\/\/sbbtransport.com\/wp-content\/uploads\/2024\/06\/chiquinquira.jpg\" alt=\"Chiquinquir\u00e1\" width=\"400\" \/><\/td>\n<td align=\"center\"><img decoding=\"async\" src=\"https:\/\/sbbtransport.com\/wp-content\/uploads\/2024\/06\/parque-principal-santa-fe.jpg\" alt=\"Santa Fe Main Park\" width=\"400\" \/><\/td>\n<td align=\"center\"><img decoding=\"async\" src=\"https:\/\/sbbtransport.com\/wp-content\/uploads\/2024\/06\/iglesia-santa-barbara.jpg\" alt=\"Santa Barbara Church\" width=\"400\" \/><\/td>\n<\/tr>\n<\/tbody>\n<\/table>\n<p>\u2728 <strong>\u00a1Reserve ahora y experimente el encanto colonial de Santa Fe con SBB Transporte VIP! \ud83d\ude80<\/strong> \u2728<\/p>\n<\/div>","protected":false},"excerpt":{"rendered":"<p data-start=\"2357\" data-end=\"2416\">\ud83c\udf04 <strong data-start=\"2360\" data-end=\"2414\">Ad\u00e9ntrese en la historia con el Santa Fe Colonial Tour.<\/strong><\/p>\n<p data-start=\"2418\" data-end=\"2685\">\u2714\ufe0f Transporte en veh\u00edculo VIP con recogida en el hotel.<br data-start=\"2467\" data-end=\"2470\" \/>\u2714\ufe0f Visitas a lugares emblem\u00e1ticos: Puente de Occidente, iglesias coloniales, plazas hist\u00f3ricas y mucho m\u00e1s (incluido).<br data-start=\"2578\" data-end=\"2581\" \/>\u2714\ufe0f Almuerzo tipo buf\u00e9 incluido.<br data-start=\"2612\" data-end=\"2615\" \/>\u2714\ufe0f Gu\u00eda tur\u00edstico biling\u00fce y seguro de viaje para su tranquilidad.<\/p>\n<p data-start=\"2687\" data-end=\"2844\">\ud83d\udccc <strong data-start=\"2690\" data-end=\"2704\">IMPORTANTE:<\/strong> Si hay varias personas, debe a\u00f1adir al carrito una reserva por persona. (Ejemplo: Si hay 6 personas, a\u00f1ade el producto 6 veces).<\/p>\n<p data-start=\"2846\" data-end=\"2923\">\ud83c\udf9f\ufe0f <strong data-start=\"2850\" data-end=\"2921\">Reserve hoy mismo y explore con nosotros las maravillas coloniales de Santa Fe.<\/strong><\/p>","protected":false},"featured_media":1898,"comment_status":"open","ping_status":"closed","template":"","meta":{"_uag_custom_page_level_css":""},"product_brand":[],"product_cat":[41],"product_tag":[],"class_list":{"0":"post-2370","1":"product","2":"type-product","3":"status-publish","4":"has-post-thumbnail","6":"product_cat-group","8":"first","9":"onbackorder","10":"shipping-taxable","11":"purchasable","12":"product-type-variable"},"uagb_featured_image_src":{"full":["https:\/\/sbbtransport.com\/wp-content\/uploads\/2024\/06\/iglesia-santa-barbara.jpg",800,600,false],"thumbnail":["https:\/\/sbbtransport.com\/wp-content\/uploads\/2024\/06\/iglesia-santa-barbara-150x150.jpg",150,150,true],"medium":["https:\/\/sbbtransport.com\/wp-content\/uploads\/2024\/06\/iglesia-santa-barbara-300x225.jpg",300,225,true],"medium_large":["https:\/\/sbbtransport.com\/wp-content\/uploads\/2024\/06\/iglesia-santa-barbara-768x576.jpg",768,576,true],"large":["https:\/\/sbbtransport.com\/wp-content\/uploads\/2024\/06\/iglesia-santa-barbara.jpg",800,600,false],"1536x1536":["https:\/\/sbbtransport.com\/wp-content\/uploads\/2024\/06\/iglesia-santa-barbara.jpg",800,600,false],"2048x2048":["https:\/\/sbbtransport.com\/wp-content\/uploads\/2024\/06\/iglesia-santa-barbara.jpg",800,600,false],"trp-custom-language-flag":["https:\/\/sbbtransport.com\/wp-content\/uploads\/2024\/06\/iglesia-santa-barbara.jpg",16,12,false],"woocommerce_archive_thumbnail":["https:\/\/sbbtransport.com\/wp-content\/uploads\/2024\/06\/iglesia-santa-barbara-500x500.jpg",500,500,true],"woocommerce_thumbnail":["https:\/\/sbbtransport.com\/wp-content\/uploads\/2024\/06\/iglesia-santa-barbara-300x300.jpg",300,300,true],"woocommerce_single":["https:\/\/sbbtransport.com\/wp-content\/uploads\/2024\/06\/iglesia-santa-barbara-600x450.jpg",600,450,true],"woocommerce_gallery_thumbnail":["https:\/\/sbbtransport.com\/wp-content\/uploads\/2024\/06\/iglesia-santa-barbara-100x100.jpg",100,100,true]},"uagb_author_info":{"display_name":"Pabloskt","author_link":"https:\/\/sbbtransport.com\/es\/author\/"},"uagb_comment_info":0,"uagb_excerpt":"\ud83c\udf04 Step into history with the Santa Fe Colonial Tour! \u2714\ufe0f VIP vehicle transportation with hotel pick-up.\u2714\ufe0f Visits to iconic landmarks: Occidente Bridge, colonial churches, historical squares, and more (included).\u2714\ufe0f Buffet-style lunch included.\u2714\ufe0f Bilingual tour guide and travel insurance for your peace of mind. \ud83d\udccc IMPORTANT: If there are multiple people, you must add one&hellip;","_links":{"self":[{"href":"https:\/\/sbbtransport.com\/es\/wp-json\/wp\/v2\/product\/2370","targetHints":{"allow":["GET"]}}],"collection":[{"href":"https:\/\/sbbtransport.com\/es\/wp-json\/wp\/v2\/product"}],"about":[{"href":"https:\/\/sbbtransport.com\/es\/wp-json\/wp\/v2\/types\/product"}],"replies":[{"embeddable":true,"href":"https:\/\/sbbtransport.com\/es\/wp-json\/wp\/v2\/comments?post=2370"}],"wp:featuredmedia":[{"embeddable":true,"href":"https:\/\/sbbtransport.com\/es\/wp-json\/wp\/v2\/media\/1898"}],"wp:attachment":[{"href":"https:\/\/sbbtransport.com\/es\/wp-json\/wp\/v2\/media?parent=2370"}],"wp:term":[{"taxonomy":"product_brand","embeddable":true,"href":"https:\/\/sbbtransport.com\/es\/wp-json\/wp\/v2\/product_brand?post=2370"},{"taxonomy":"product_cat","embeddable":true,"href":"https:\/\/sbbtransport.com\/es\/wp-json\/wp\/v2\/product_cat?post=2370"},{"taxonomy":"product_tag","embeddable":true,"href":"https:\/\/sbbtransport.com\/es\/wp-json\/wp\/v2\/product_tag?post=2370"}],"curies":[{"name":"wp","href":"https:\/\/api.w.org\/{rel}","templated":true}]}}