{"id":2004,"date":"2024-07-17T00:32:57","date_gmt":"2024-07-16T22:32:57","guid":{"rendered":"https:\/\/sbbtransport.com\/?post_type=product&#038;p=2004"},"modified":"2026-03-11T05:02:25","modified_gmt":"2026-03-11T04:02:25","slug":"airport-jose-maria-cordoba","status":"publish","type":"product","link":"https:\/\/sbbtransport.com\/es\/producto\/airport-jose-maria-cordoba\/","title":{"rendered":"AEROPUERTO JOS\u00c9 MAR\u00cdA CORDOVA"},"content":{"rendered":"<h1 style=\"text-align: center;\"><strong>Traslado VIP Aeropuerto Jos\u00e9 Mar\u00eda C\u00f3rdova<\/strong><\/h1>\n<ul>\n<li><strong>Traslado Privado<\/strong>: Traslado VIP exclusivo adaptado a tus necesidades.<\/li>\n<li><strong>Duraci\u00f3n<\/strong>: Viaje de 30 a 40 minutos.<\/li>\n<li><strong>Transporte Privado<\/strong>: Servicio de transporte c\u00f3modo y exclusivo que garantiza privacidad y conveniencia.<\/li>\n<\/ul>\n<h4>Experimenta un traslado impecable y lujoso con nuestro servicio VIP. Reserva ahora para una experiencia de viaje sin complicaciones.<\/h4>","protected":false},"excerpt":{"rendered":"<ul>\n<li><strong>Traslado Privado<\/strong>: Traslado VIP exclusivo adaptado a tus necesidades.<\/li>\n<li><strong>Duraci\u00f3n<\/strong>: Viaje de 30 a 40 minutos.<\/li>\n<li><strong>Transporte Privado<\/strong>: Servicio de transporte c\u00f3modo y exclusivo que garantiza privacidad y conveniencia.<\/li>\n<\/ul>","protected":false},"featured_media":2032,"comment_status":"open","ping_status":"closed","template":"","meta":{"_uag_custom_page_level_css":""},"product_brand":[],"product_cat":[40,25],"product_tag":[],"class_list":{"0":"post-2004","1":"product","2":"type-product","3":"status-publish","4":"has-post-thumbnail","6":"product_cat-airport","7":"product_cat-transfers","9":"first","10":"onbackorder","11":"sold-individually","12":"shipping-taxable","13":"purchasable","14":"product-type-variable"},"uagb_featured_image_src":{"full":["https:\/\/sbbtransport.com\/wp-content\/uploads\/2024\/07\/aeropuerto-jmc-640x280-28062013-2-1.jpg",1200,675,false],"thumbnail":["https:\/\/sbbtransport.com\/wp-content\/uploads\/2024\/07\/aeropuerto-jmc-640x280-28062013-2-1-150x150.jpg",150,150,true],"medium":["https:\/\/sbbtransport.com\/wp-content\/uploads\/2024\/07\/aeropuerto-jmc-640x280-28062013-2-1-300x169.jpg",300,169,true],"medium_large":["https:\/\/sbbtransport.com\/wp-content\/uploads\/2024\/07\/aeropuerto-jmc-640x280-28062013-2-1-768x432.jpg",768,432,true],"large":["https:\/\/sbbtransport.com\/wp-content\/uploads\/2024\/07\/aeropuerto-jmc-640x280-28062013-2-1-1024x576.jpg",1024,576,true],"1536x1536":["https:\/\/sbbtransport.com\/wp-content\/uploads\/2024\/07\/aeropuerto-jmc-640x280-28062013-2-1.jpg",1200,675,false],"2048x2048":["https:\/\/sbbtransport.com\/wp-content\/uploads\/2024\/07\/aeropuerto-jmc-640x280-28062013-2-1.jpg",1200,675,false],"trp-custom-language-flag":["https:\/\/sbbtransport.com\/wp-content\/uploads\/2024\/07\/aeropuerto-jmc-640x280-28062013-2-1.jpg",18,10,false],"woocommerce_archive_thumbnail":["https:\/\/sbbtransport.com\/wp-content\/uploads\/2024\/07\/aeropuerto-jmc-640x280-28062013-2-1-500x500.jpg",500,500,true],"woocommerce_thumbnail":["https:\/\/sbbtransport.com\/wp-content\/uploads\/2024\/07\/aeropuerto-jmc-640x280-28062013-2-1-300x300.jpg",300,300,true],"woocommerce_single":["https:\/\/sbbtransport.com\/wp-content\/uploads\/2024\/07\/aeropuerto-jmc-640x280-28062013-2-1-600x338.jpg",600,338,true],"woocommerce_gallery_thumbnail":["https:\/\/sbbtransport.com\/wp-content\/uploads\/2024\/07\/aeropuerto-jmc-640x280-28062013-2-1-100x100.jpg",100,100,true]},"uagb_author_info":{"display_name":"Pabloskt","author_link":"https:\/\/sbbtransport.com\/es\/author\/"},"uagb_comment_info":0,"uagb_excerpt":"Private Transfer: Exclusive VIP transfer tailored to your needs. Duration: 30 - 40 minutes journey. Private Transportation: Comfortable and exclusive transport service ensuring privacy and convenience.","_links":{"self":[{"href":"https:\/\/sbbtransport.com\/es\/wp-json\/wp\/v2\/product\/2004","targetHints":{"allow":["GET"]}}],"collection":[{"href":"https:\/\/sbbtransport.com\/es\/wp-json\/wp\/v2\/product"}],"about":[{"href":"https:\/\/sbbtransport.com\/es\/wp-json\/wp\/v2\/types\/product"}],"replies":[{"embeddable":true,"href":"https:\/\/sbbtransport.com\/es\/wp-json\/wp\/v2\/comments?post=2004"}],"wp:featuredmedia":[{"embeddable":true,"href":"https:\/\/sbbtransport.com\/es\/wp-json\/wp\/v2\/media\/2032"}],"wp:attachment":[{"href":"https:\/\/sbbtransport.com\/es\/wp-json\/wp\/v2\/media?parent=2004"}],"wp:term":[{"taxonomy":"product_brand","embeddable":true,"href":"https:\/\/sbbtransport.com\/es\/wp-json\/wp\/v2\/product_brand?post=2004"},{"taxonomy":"product_cat","embeddable":true,"href":"https:\/\/sbbtransport.com\/es\/wp-json\/wp\/v2\/product_cat?post=2004"},{"taxonomy":"product_tag","embeddable":true,"href":"https:\/\/sbbtransport.com\/es\/wp-json\/wp\/v2\/product_tag?post=2004"}],"curies":[{"name":"wp","href":"https:\/\/api.w.org\/{rel}","templated":true}]}}