{"id":1567,"date":"2024-06-27T09:17:04","date_gmt":"2024-06-27T07:17:04","guid":{"rendered":"https:\/\/sbbtransport.com\/?post_type=product&#038;p=1567"},"modified":"2025-02-04T21:31:08","modified_gmt":"2025-02-04T20:31:08","slug":"pablo-escobar","status":"publish","type":"product","link":"https:\/\/sbbtransport.com\/es\/producto\/pablo-escobar\/","title":{"rendered":"TOUR NO MENCIONE SU NOMBRE"},"content":{"rendered":"<div class=\"flex-shrink-0 flex flex-col relative items-end\">\n<div>\n<div class=\"pt-0.5 juice:pt-0\">\n<div class=\"gizmo-bot-avatar flex h-6 w-6 items-center justify-center overflow-hidden rounded-full juice:h-8 juice:w-8\">\n<div class=\"relative p-1 rounded-sm flex items-center justify-center bg-token-main-surface-primary text-token-text-primary h-8 w-8\"><\/div>\n<\/div>\n<\/div>\n<\/div>\n<\/div>\n<div class=\"group\/conversation-turn relative flex w-full min-w-0 flex-col agent-turn\">\n<div class=\"flex-col gap-1 md:gap-3\">\n<div class=\"flex flex-grow flex-col max-w-full\">\n<div class=\"min-h-[20px] text-message flex flex-col items-start whitespace-pre-wrap break-words [.text-message+&amp;]:mt-5 juice:w-full juice:items-end overflow-x-auto gap-2\" dir=\"auto\" data-message-author-role=\"assistant\" data-message-id=\"c8260572-0651-4764-ae61-1131cceda0e5\">\n<div class=\"flex w-full flex-col gap-1 juice:empty:hidden juice:first:pt-[3px]\">\n<div class=\"markdown prose w-full break-words dark:prose-invert dark\">\n<h1 style=\"text-align: center;\"><strong>VIP TOUR DONT MENTION HIS NAME<\/strong><\/h1>\n<p>Emb\u00e1rcate en un viaje exclusivo y revelador a trav\u00e9s de la vida y el legado de Pablo Escobar con nuestro tour VIP de su museo en Antioquia. Esta experiencia privada est\u00e1 dise\u00f1ada para ofrecer una comprensi\u00f3n completa del impacto de Escobar en la historia y cultura colombiana.<\/p>\n<h2><strong>Puntos Destacados del Tour:<\/strong><\/h2>\n<\/div>\n<div class=\"markdown prose w-full break-words dark:prose-invert dark\">\n<h4 style=\"text-align: center;\"><strong>Museo Pablo Escobar<\/strong><\/h4>\n<p style=\"text-align: center;\">Sum\u00e9rgete en las exhibiciones curadas por su hermano, que muestran artefactos personales, recuerdos y perspectivas sobre el ascenso y la ca\u00edda de Escobar. Obt\u00e9n una comprensi\u00f3n m\u00e1s profunda de su influencia en la sociedad colombiana y su controvertido legado.<\/p>\n<p><img loading=\"lazy\" decoding=\"async\" class=\"aligncenter wp-image-1936 size-full\" src=\"https:\/\/sbbtransport.com\/wp-content\/uploads\/2024\/06\/escobar.jpg\" alt=\"\" width=\"696\" height=\"594\" srcset=\"https:\/\/sbbtransport.com\/wp-content\/uploads\/2024\/06\/escobar.jpg 696w, https:\/\/sbbtransport.com\/wp-content\/uploads\/2024\/06\/escobar-300x256.jpg 300w, https:\/\/sbbtransport.com\/wp-content\/uploads\/2024\/06\/escobar-600x512.jpg 600w\" sizes=\"auto, (max-width: 696px) 100vw, 696px\" \/><\/p>\n<h4 style=\"text-align: center;\"><strong>Parque Poblado (antiguo edificio M\u00f3naco)<\/strong><\/h4>\n<p style=\"text-align: center;\">Visita el sitio hist\u00f3rico de la antigua residencia de Escobar, el Edificio M\u00f3naco. Ahora transformado en un parque, ofrece una visi\u00f3n simb\u00f3lica de su lujoso estilo de vida y su posterior ca\u00edda.<\/p>\n<p><img loading=\"lazy\" decoding=\"async\" class=\"aligncenter wp-image-1938 size-large\" src=\"https:\/\/sbbtransport.com\/wp-content\/uploads\/2024\/06\/inflexion-1024x649.jpg\" alt=\"\" width=\"1024\" height=\"649\" srcset=\"https:\/\/sbbtransport.com\/wp-content\/uploads\/2024\/06\/inflexion-1024x649.jpg 1024w, https:\/\/sbbtransport.com\/wp-content\/uploads\/2024\/06\/inflexion-300x190.jpg 300w, https:\/\/sbbtransport.com\/wp-content\/uploads\/2024\/06\/inflexion-768x486.jpg 768w, https:\/\/sbbtransport.com\/wp-content\/uploads\/2024\/06\/inflexion-600x380.jpg 600w, https:\/\/sbbtransport.com\/wp-content\/uploads\/2024\/06\/inflexion.jpg 1200w\" sizes=\"auto, (max-width: 1024px) 100vw, 1024px\" \/><\/p>\n<h4 style=\"text-align: center;\"><strong>Visita al cementerio<\/strong><\/h4>\n<p style=\"text-align: center;\">Rinde homenaje en el cementerio donde est\u00e1n enterrados Pablo Escobar y algunos de sus asociados m\u00e1s cercanos. Reflexiona sobre el impacto de sus vidas y su huella perdurable en la historia colombiana.<\/p>\n<p><img loading=\"lazy\" decoding=\"async\" class=\"aligncenter wp-image-1940 size-large\" src=\"https:\/\/sbbtransport.com\/wp-content\/uploads\/2024\/06\/tumba-pablo-768x1024.jpg\" alt=\"\" width=\"768\" height=\"1024\" srcset=\"https:\/\/sbbtransport.com\/wp-content\/uploads\/2024\/06\/tumba-pablo-768x1024.jpg 768w, https:\/\/sbbtransport.com\/wp-content\/uploads\/2024\/06\/tumba-pablo-225x300.jpg 225w, https:\/\/sbbtransport.com\/wp-content\/uploads\/2024\/06\/tumba-pablo-600x800.jpg 600w, https:\/\/sbbtransport.com\/wp-content\/uploads\/2024\/06\/tumba-pablo.jpg 960w\" sizes=\"auto, (max-width: 768px) 100vw, 768px\" \/><\/p>\n<h4 style=\"text-align: center;\"><strong>Oportunidades para fotos y videos<\/strong><\/h4>\n<p style=\"text-align: center;\">Captura momentos memorables durante el tour para documentar tu experiencia y los conocimientos adquiridos.<\/p>\n<p><img loading=\"lazy\" decoding=\"async\" class=\"aligncenter wp-image-1941 size-full\" src=\"https:\/\/sbbtransport.com\/wp-content\/uploads\/2024\/06\/book-with-wwwmedellincityservi.jpg\" alt=\"\" width=\"550\" height=\"413\" srcset=\"https:\/\/sbbtransport.com\/wp-content\/uploads\/2024\/06\/book-with-wwwmedellincityservi.jpg 550w, https:\/\/sbbtransport.com\/wp-content\/uploads\/2024\/06\/book-with-wwwmedellincityservi-300x225.jpg 300w\" sizes=\"auto, (max-width: 550px) 100vw, 550px\" \/><\/p>\n<h4><strong>Detalles del tour:<\/strong><\/h4>\n<ul>\n<li><strong>Experiencia Privada y VIP<\/strong>: Disfruta de atenci\u00f3n personalizada y acceso exclusivo durante todo el tour.<\/li>\n<li><strong>Duraci\u00f3n<\/strong>: Sum\u00e9rgete en el tour durante aproximadamente 4 a 5 horas, lo que te permitir\u00e1 explorar cada sitio a fondo.<\/li>\n<li><strong>Incluye<\/strong>: Benef\u00edciate de transporte privado y de la experiencia de un gu\u00eda profesional que proporcionar\u00e1 explicaciones detalladas en cada ubicaci\u00f3n.<\/li>\n<li><strong>No incluido<\/strong>: Ten en cuenta que el precio del tour cubre \u00fanicamente los servicios de transporte y gu\u00eda. Los gastos adicionales, como las tarifas de entrada al museo y consumibles personales, no est\u00e1n incluidos.<\/li>\n<\/ul>\n<h4><strong>\u00danete a nosotros en este iluminador tour VIP para obtener una perspectiva matizada sobre el complejo legado de Pablo Escobar. Reserva ahora para una exploraci\u00f3n inolvidable de la historia y cultura colombiana.<\/strong><\/h4>\n<\/div>\n<\/div>\n<\/div>\n<\/div>\n<\/div>\n<\/div>","protected":false},"excerpt":{"rendered":"<ul>\n<li><strong>Tour Privado<\/strong>: Experiencia exclusiva y personalizada.<\/li>\n<li><strong>Museo (gestionado por su hermano):<\/strong> Explora las exposiciones relacionadas con la vida y el legado de Pablo Escobar.<\/li>\n<li><strong>Parque Poblado (antiguo edificio M\u00f3naco):<\/strong> Visita el sitio de la antigua residencia de Escobar, ahora un parque p\u00fablico.<\/li>\n<li><strong>Cementerio donde est\u00e1n enterrados Pablo y sus socios<\/strong> Reflexiona sobre su lugar de descanso final.<\/li>\n<li><strong>Incluye<\/strong>: Transporte privado y gu\u00eda profesional.<\/li>\n<li><strong>Duraci\u00f3n<\/strong>: Experiencia de 4 a 5 horas.<\/li>\n<li><strong>Precio<\/strong>: Incluye transporte y gu\u00eda; excluye tarifas de entrada al museo y consumibles.<\/li>\n<\/ul>","protected":false},"featured_media":1937,"comment_status":"open","ping_status":"closed","template":"","meta":{"_uag_custom_page_level_css":""},"product_brand":[],"product_cat":[29,24],"product_tag":[],"class_list":{"0":"post-1567","1":"product","2":"type-product","3":"status-publish","4":"has-post-thumbnail","6":"product_cat-culture","7":"product_cat-tour","9":"first","10":"onbackorder","11":"sold-individually","12":"shipping-taxable","13":"purchasable","14":"product-type-variable"},"uagb_featured_image_src":{"full":["https:\/\/sbbtransport.com\/wp-content\/uploads\/2024\/06\/Pablo_Escobar_Mug.jpg",1500,2149,false],"thumbnail":["https:\/\/sbbtransport.com\/wp-content\/uploads\/2024\/06\/Pablo_Escobar_Mug-150x150.jpg",150,150,true],"medium":["https:\/\/sbbtransport.com\/wp-content\/uploads\/2024\/06\/Pablo_Escobar_Mug-209x300.jpg",209,300,true],"medium_large":["https:\/\/sbbtransport.com\/wp-content\/uploads\/2024\/06\/Pablo_Escobar_Mug-768x1100.jpg",768,1100,true],"large":["https:\/\/sbbtransport.com\/wp-content\/uploads\/2024\/06\/Pablo_Escobar_Mug-715x1024.jpg",715,1024,true],"1536x1536":["https:\/\/sbbtransport.com\/wp-content\/uploads\/2024\/06\/Pablo_Escobar_Mug-1072x1536.jpg",1072,1536,true],"2048x2048":["https:\/\/sbbtransport.com\/wp-content\/uploads\/2024\/06\/Pablo_Escobar_Mug-1430x2048.jpg",1430,2048,true],"trp-custom-language-flag":["https:\/\/sbbtransport.com\/wp-content\/uploads\/2024\/06\/Pablo_Escobar_Mug.jpg",8,12,false],"woocommerce_archive_thumbnail":["https:\/\/sbbtransport.com\/wp-content\/uploads\/2024\/06\/Pablo_Escobar_Mug-500x500.jpg",500,500,true],"woocommerce_thumbnail":["https:\/\/sbbtransport.com\/wp-content\/uploads\/2024\/06\/Pablo_Escobar_Mug-300x300.jpg",300,300,true],"woocommerce_single":["https:\/\/sbbtransport.com\/wp-content\/uploads\/2024\/06\/Pablo_Escobar_Mug-600x860.jpg",600,860,true],"woocommerce_gallery_thumbnail":["https:\/\/sbbtransport.com\/wp-content\/uploads\/2024\/06\/Pablo_Escobar_Mug-100x100.jpg",100,100,true]},"uagb_author_info":{"display_name":"Pabloskt","author_link":"https:\/\/sbbtransport.com\/es\/author\/"},"uagb_comment_info":0,"uagb_excerpt":"Private Tour: Exclusive and personalized experience. Museum (managed by his brother): Explore exhibits related to Pablo Escobar's life and legacy. Poblado Park (former Monaco building): Visit the site of Escobar's former residence, now a public park. Cemetery where Pablo and his associates are buried: Reflect on their final resting place.Photos and Videos: Capture memories of&hellip;","_links":{"self":[{"href":"https:\/\/sbbtransport.com\/es\/wp-json\/wp\/v2\/product\/1567","targetHints":{"allow":["GET"]}}],"collection":[{"href":"https:\/\/sbbtransport.com\/es\/wp-json\/wp\/v2\/product"}],"about":[{"href":"https:\/\/sbbtransport.com\/es\/wp-json\/wp\/v2\/types\/product"}],"replies":[{"embeddable":true,"href":"https:\/\/sbbtransport.com\/es\/wp-json\/wp\/v2\/comments?post=1567"}],"wp:featuredmedia":[{"embeddable":true,"href":"https:\/\/sbbtransport.com\/es\/wp-json\/wp\/v2\/media\/1937"}],"wp:attachment":[{"href":"https:\/\/sbbtransport.com\/es\/wp-json\/wp\/v2\/media?parent=1567"}],"wp:term":[{"taxonomy":"product_brand","embeddable":true,"href":"https:\/\/sbbtransport.com\/es\/wp-json\/wp\/v2\/product_brand?post=1567"},{"taxonomy":"product_cat","embeddable":true,"href":"https:\/\/sbbtransport.com\/es\/wp-json\/wp\/v2\/product_cat?post=1567"},{"taxonomy":"product_tag","embeddable":true,"href":"https:\/\/sbbtransport.com\/es\/wp-json\/wp\/v2\/product_tag?post=1567"}],"curies":[{"name":"wp","href":"https:\/\/api.w.org\/{rel}","templated":true}]}}